{"id":10978,"date":"2023-07-11T12:19:41","date_gmt":"2023-07-11T12:19:41","guid":{"rendered":"https:\/\/devsedu.softatomic.com\/?page_id=10978"},"modified":"2025-07-19T08:13:37","modified_gmt":"2025-07-19T08:13:37","slug":"instructor-details","status":"publish","type":"page","link":"https:\/\/dailesterapija.lt\/index.php\/instructor-details\/","title":{"rendered":"Apie mane"},"content":{"rendered":"\t\t<div data-elementor-type=\"wp-page\" data-elementor-id=\"10978\" class=\"elementor elementor-10978\">\n\t\t\t\t\t\t<section class=\"elementor-section elementor-top-section elementor-element elementor-element-f068db3 elementor-section-boxed elementor-section-height-default elementor-section-height-default\" data-id=\"f068db3\" data-element_type=\"section\">\n\t\t\t\t\t\t<div class=\"elementor-container elementor-column-gap-extended\">\n\t\t\t\t\t<div class=\"elementor-column elementor-col-50 elementor-top-column elementor-element elementor-element-942e51f\" data-id=\"942e51f\" data-element_type=\"column\">\n\t\t\t<div class=\"elementor-widget-wrap elementor-element-populated\">\n\t\t\t\t\t\t<div class=\"elementor-element elementor-element-1ca56ff elementor-widget elementor-widget-image\" data-id=\"1ca56ff\" data-element_type=\"widget\" data-widget_type=\"image.default\">\n\t\t\t\t<div class=\"elementor-widget-container\">\n\t\t\t\t\t\t\t\t\t\t\t\t\t<img fetchpriority=\"high\" decoding=\"async\" width=\"705\" height=\"634\" src=\"https:\/\/dailesterapija.lt\/wp-content\/uploads\/2024\/06\/virginija.png\" class=\"attachment-full size-full wp-image-112\" alt=\"\" srcset=\"https:\/\/dailesterapija.lt\/wp-content\/uploads\/2024\/06\/virginija.png 705w, https:\/\/dailesterapija.lt\/wp-content\/uploads\/2024\/06\/virginija-600x540.png 600w, https:\/\/dailesterapija.lt\/wp-content\/uploads\/2024\/06\/virginija-300x270.png 300w\" sizes=\"(max-width: 705px) 100vw, 705px\" \/>\t\t\t\t\t\t\t\t\t\t\t\t\t<\/div>\n\t\t\t\t<\/div>\n\t\t\t\t<div class=\"elementor-element elementor-element-95d8acb elementor-shape-circle elementor-grid-0 e-grid-align-center elementor-widget elementor-widget-social-icons\" data-id=\"95d8acb\" data-element_type=\"widget\" data-widget_type=\"social-icons.default\">\n\t\t\t\t<div class=\"elementor-widget-container\">\n\t\t\t\t\t<div class=\"elementor-social-icons-wrapper elementor-grid\">\n\t\t\t\t\t\t\t<span class=\"elementor-grid-item\">\n\t\t\t\t\t<a class=\"elementor-icon elementor-social-icon elementor-social-icon-icon-share-alt elementor-repeater-item-79116bb\" target=\"_blank\">\n\t\t\t\t\t\t<span class=\"elementor-screen-only\">Icon-share-alt<\/span>\n\t\t\t\t\t\t<i class=\"edublink icon-share-alt\"><\/i>\t\t\t\t\t<\/a>\n\t\t\t\t<\/span>\n\t\t\t\t\t\t\t<span class=\"elementor-grid-item\">\n\t\t\t\t\t<a class=\"elementor-icon elementor-social-icon elementor-social-icon-icon-facebook elementor-repeater-item-9a25eee\" target=\"_blank\">\n\t\t\t\t\t\t<span class=\"elementor-screen-only\">Icon-facebook<\/span>\n\t\t\t\t\t\t<i class=\"edublink icon-facebook\"><\/i>\t\t\t\t\t<\/a>\n\t\t\t\t<\/span>\n\t\t\t\t\t\t\t<span class=\"elementor-grid-item\">\n\t\t\t\t\t<a class=\"elementor-icon elementor-social-icon elementor-social-icon-icon-twitter elementor-repeater-item-b53f24a\" target=\"_blank\">\n\t\t\t\t\t\t<span class=\"elementor-screen-only\">Icon-twitter<\/span>\n\t\t\t\t\t\t<i class=\"edublink icon-twitter\"><\/i>\t\t\t\t\t<\/a>\n\t\t\t\t<\/span>\n\t\t\t\t\t\t\t<span class=\"elementor-grid-item\">\n\t\t\t\t\t<a class=\"elementor-icon elementor-social-icon elementor-social-icon-icon-linkedin2 elementor-repeater-item-25f69fd\" target=\"_blank\">\n\t\t\t\t\t\t<span class=\"elementor-screen-only\">Icon-linkedin2<\/span>\n\t\t\t\t\t\t<i class=\"edublink icon-linkedin2\"><\/i>\t\t\t\t\t<\/a>\n\t\t\t\t<\/span>\n\t\t\t\t\t<\/div>\n\t\t\t\t<\/div>\n\t\t\t\t<\/div>\n\t\t\t\t\t<\/div>\n\t\t<\/div>\n\t\t\t\t<div class=\"elementor-column elementor-col-50 elementor-top-column elementor-element elementor-element-b2eb3e1\" data-id=\"b2eb3e1\" data-element_type=\"column\">\n\t\t\t<div class=\"elementor-widget-wrap elementor-element-populated\">\n\t\t\t\t\t\t<section class=\"elementor-section elementor-inner-section elementor-element elementor-element-f67cf7f elementor-section-full_width elementor-section-height-default elementor-section-height-default\" data-id=\"f67cf7f\" data-element_type=\"section\">\n\t\t\t\t\t\t<div class=\"elementor-container elementor-column-gap-no\">\n\t\t\t\t\t<div class=\"elementor-column elementor-col-100 elementor-inner-column elementor-element elementor-element-2dfc4ad\" data-id=\"2dfc4ad\" data-element_type=\"column\">\n\t\t\t<div class=\"elementor-widget-wrap elementor-element-populated\">\n\t\t\t\t\t\t<div class=\"elementor-element elementor-element-5fbf9d4 elementor-widget elementor-widget-heading\" data-id=\"5fbf9d4\" data-element_type=\"widget\" data-widget_type=\"heading.default\">\n\t\t\t\t<div class=\"elementor-widget-container\">\n\t\t\t<h3 class=\"elementor-heading-title elementor-size-default\">Susipa\u017einkime<\/h3>\t\t<\/div>\n\t\t\t\t<\/div>\n\t\t\t\t\t<\/div>\n\t\t<\/div>\n\t\t\t\t\t<\/div>\n\t\t<\/section>\n\t\t\t\t<section class=\"elementor-section elementor-inner-section elementor-element elementor-element-bdfe249 elementor-section-full_width elementor-section-height-default elementor-section-height-default\" data-id=\"bdfe249\" data-element_type=\"section\">\n\t\t\t\t\t\t<div class=\"elementor-container elementor-column-gap-no\">\n\t\t\t\t\t<div class=\"elementor-column elementor-col-100 elementor-inner-column elementor-element elementor-element-4ed3b89\" data-id=\"4ed3b89\" data-element_type=\"column\">\n\t\t\t<div class=\"elementor-widget-wrap elementor-element-populated\">\n\t\t\t\t\t\t<div class=\"elementor-element elementor-element-69c9485 elementor-widget elementor-widget-text-editor\" data-id=\"69c9485\" data-element_type=\"widget\" data-widget_type=\"text-editor.default\">\n\t\t\t\t<div class=\"elementor-widget-container\">\n\t\t\t\t\t\t\t<p><span style=\"white-space-collapse: preserve;\">Esu Virginija \u0160ilauskien\u0117, profesionali dail\u0117s terapeut\u0117, \u012fgijusi Medicinos ir sveikatos magistro kvalifikacin\u012f laipsn\u012f (2016 m., Dail\u0117s terapijos krypties) Lietuvos sveikatos moksl\u0173 universitete (jungtin\u0117 dviej\u0173 universitet\u0173 studij\u0173 (LSMU\/VDA) programa \u201eDail\u0117s terapija\u201c).<\/span><\/p><p><span style=\"white-space-collapse: preserve;\">Dail\u0117s terapijos praktinio patyrimo ir teorini\u0173 \u017eini\u0173 \u012fgijau u\u017esienio dail\u0117s terapeut\u0173 (d\u0117stytojai i\u0161 D.Britanijos, JAV, \u010cekijos, Latvijos, Maskvos, Sankt-Peterburgo), Lietuvos Dail\u0117s terapijos taikymo asociacijos (LDTTA), Men\u0173 terapijos centro, K\u016brybos terapijos nam\u0173 rengtuose seminaruose bei kitose institucijose, supervizijose LDTTA Dail\u0117s terapijos vasaros mokykloje, V\u0161\u012e \u201eMen\u0173 terapijos centre\u201c (supervizor\u0117 Philippa Brown). Baigiau dail\u0117s terapijos supervizij\u0173 mokymo program\u0105. Savo kvalifikacij\u0105 nuolat tobulinu \u012fvairiuose seminaruose, konferencijose ir mokymuose. Nuo 2002 m. esu Lietuvos dail\u0117s terapijos asociacijos nar\u0117.<\/span><\/p><p>Tarptautin\u0117se men\u0173 terapijos konferencijose skai\u010diau prane\u0161imus ir ved\u017eiau praktinius u\u017esi\u0117mimus.<br \/>Be to, ved\u017eiau praktinius-patyriminius dail\u0117s terapijos u\u017esi\u0117mimus (Fabijoni\u0161ki\u0173 mokykloje, Taikos progimnazijoje ir kt.), seminarus mokytojams (Lietuvos mokini\u0173 neformaliojo \u0161vietimo centre ir kt.), patyrimin\u0119 ugdom\u0105j\u0105 dail\u0117s terapij\u0105 vaikams bei j\u0173 t\u0117vams.<\/p><p>Nuo 2023m. gilinuosi \u012f emocin\u0119-vaizdin\u0119 terapij\u0105 (EVT).<\/p>\t\t\t\t\t\t<\/div>\n\t\t\t\t<\/div>\n\t\t\t\t<div class=\"elementor-element elementor-element-440bc08 elementor-widget elementor-widget-edublink-button\" data-id=\"440bc08\" data-element_type=\"widget\" data-widget_type=\"edublink-button.default\">\n\t\t\t\t<div class=\"elementor-widget-container\">\n\t\t\t<div class=\"edublink-button-widget-wrapper\"><a class=\"edublink-button-item edublink-button-style-default edublink-button-size-custom edublink-button-icon-position-after default-style\" href=\"#\">Turite klausim\u0173? Susisiekime<i class=\"icon-4\"><\/i><\/a><\/div>\t\t<\/div>\n\t\t\t\t<\/div>\n\t\t\t\t\t<\/div>\n\t\t<\/div>\n\t\t\t\t\t<\/div>\n\t\t<\/section>\n\t\t\t\t\t<\/div>\n\t\t<\/div>\n\t\t\t\t\t<\/div>\n\t\t<\/section>\n\t\t\t\t<\/div>\n\t\t","protected":false},"excerpt":{"rendered":"<p>Icon-share-alt Icon-facebook Icon-twitter Icon-linkedin2 Susipa\u017einkime Esu Virginija \u0160ilauskien\u0117, profesionali dail\u0117s terapeut\u0117, \u012fgijusi Medicinos ir sveikatos magistro kvalifikacin\u012f laipsn\u012f (2016 m.,&#8230;<\/p>\n","protected":false},"author":1,"featured_media":0,"parent":0,"menu_order":0,"comment_status":"closed","ping_status":"closed","template":"","meta":{"_monsterinsights_skip_tracking":false,"_monsterinsights_sitenote_active":false,"_monsterinsights_sitenote_note":"","_monsterinsights_sitenote_category":0,"footnotes":""},"class_list":["post-10978","page","type-page","status-publish","hentry"],"aioseo_notices":[],"_links":{"self":[{"href":"https:\/\/dailesterapija.lt\/index.php\/wp-json\/wp\/v2\/pages\/10978"}],"collection":[{"href":"https:\/\/dailesterapija.lt\/index.php\/wp-json\/wp\/v2\/pages"}],"about":[{"href":"https:\/\/dailesterapija.lt\/index.php\/wp-json\/wp\/v2\/types\/page"}],"author":[{"embeddable":true,"href":"https:\/\/dailesterapija.lt\/index.php\/wp-json\/wp\/v2\/users\/1"}],"replies":[{"embeddable":true,"href":"https:\/\/dailesterapija.lt\/index.php\/wp-json\/wp\/v2\/comments?post=10978"}],"version-history":[{"count":11,"href":"https:\/\/dailesterapija.lt\/index.php\/wp-json\/wp\/v2\/pages\/10978\/revisions"}],"predecessor-version":[{"id":21316,"href":"https:\/\/dailesterapija.lt\/index.php\/wp-json\/wp\/v2\/pages\/10978\/revisions\/21316"}],"wp:attachment":[{"href":"https:\/\/dailesterapija.lt\/index.php\/wp-json\/wp\/v2\/media?parent=10978"}],"curies":[{"name":"wp","href":"https:\/\/api.w.org\/{rel}","templated":true}]}}