{"id":17330,"date":"2023-11-19T00:12:42","date_gmt":"2023-11-19T00:12:42","guid":{"rendered":"https:\/\/demo.edublink.co\/?page_id=17330"},"modified":"2024-10-29T17:06:05","modified_gmt":"2024-10-29T17:06:05","slug":"contact-me","status":"publish","type":"page","link":"https:\/\/dailesterapija.lt\/index.php\/contact-me\/","title":{"rendered":"Kontaktai"},"content":{"rendered":"\t\t<div data-elementor-type=\"wp-page\" data-elementor-id=\"17330\" class=\"elementor elementor-17330\">\n\t\t\t\t\t\t<section class=\"elementor-section elementor-top-section elementor-element elementor-element-7cdacbe elementor-section-content-middle elementor-section-boxed elementor-section-height-default elementor-section-height-default\" data-id=\"7cdacbe\" data-element_type=\"section\">\n\t\t\t\t\t\t<div class=\"elementor-container elementor-column-gap-extended\">\n\t\t\t\t\t<div class=\"elementor-column elementor-col-50 elementor-top-column elementor-element elementor-element-41f11df\" data-id=\"41f11df\" data-element_type=\"column\">\n\t\t\t<div class=\"elementor-widget-wrap elementor-element-populated\">\n\t\t\t\t\t\t<div class=\"elementor-element elementor-element-3831a46 elementor-widget__width-auto elementor-absolute elementor-hidden-tablet elementor-hidden-mobile elementor-widget elementor-widget-image\" data-id=\"3831a46\" data-element_type=\"widget\" data-settings=\"{&quot;_position&quot;:&quot;absolute&quot;}\" data-widget_type=\"image.default\">\n\t\t\t\t<div class=\"elementor-widget-container\">\n\t\t\t\t\t\t\t\t\t\t\t\t\t<img decoding=\"async\" width=\"123\" height=\"191\" src=\"https:\/\/dailesterapija.lt\/wp-content\/uploads\/2023\/06\/shape-07-1.png\" class=\"attachment-large size-large wp-image-5851\" alt=\"\" \/>\t\t\t\t\t\t\t\t\t\t\t\t\t<\/div>\n\t\t\t\t<\/div>\n\t\t\t\t<div class=\"elementor-element elementor-element-2922dbc elementor-widget__width-auto elementor-absolute elementor-hidden-tablet elementor-hidden-mobile elementor-widget elementor-widget-edublink-animation\" data-id=\"2922dbc\" data-element_type=\"widget\" data-settings=\"{&quot;_position&quot;:&quot;absolute&quot;}\" data-widget_type=\"edublink-animation.default\">\n\t\t\t\t<div class=\"elementor-widget-container\">\n\t\t\t<div class=\"edublink-animation-widget edublink-animation-display-type-mouse-track edublink-animation-content-type-image edublink-mouse-track-item\"><span data-depth=\"-1.5\"><img decoding=\"async\" src=\"https:\/\/demo.edublink.co\/wp-content\/uploads\/2023\/05\/shape-02.png\" alt=\"\"><\/span><\/div>\t\t<\/div>\n\t\t\t\t<\/div>\n\t\t\t\t<div class=\"elementor-element elementor-element-3227202 elementor-widget__width-auto elementor-absolute elementor-hidden-tablet elementor-hidden-mobile elementor-widget elementor-widget-edublink-animation\" data-id=\"3227202\" data-element_type=\"widget\" data-settings=\"{&quot;_position&quot;:&quot;absolute&quot;}\" data-widget_type=\"edublink-animation.default\">\n\t\t\t\t<div class=\"elementor-widget-container\">\n\t\t\t<div class=\"edublink-animation-widget edublink-animation-display-type-mouse-track edublink-animation-content-type-image edublink-mouse-track-item\"><span data-depth=\"1.5\"><img decoding=\"async\" src=\"https:\/\/demo.edublink.co\/wp-content\/uploads\/2023\/05\/shape-13.png\" alt=\"\"><\/span><\/div>\t\t<\/div>\n\t\t\t\t<\/div>\n\t\t\t\t<div class=\"elementor-element elementor-element-5cd530b elementor-widget elementor-widget-image\" data-id=\"5cd530b\" data-element_type=\"widget\" data-widget_type=\"image.default\">\n\t\t\t\t<div class=\"elementor-widget-container\">\n\t\t\t\t\t\t\t\t\t\t\t\t\t<img fetchpriority=\"high\" decoding=\"async\" width=\"300\" height=\"300\" src=\"https:\/\/dailesterapija.lt\/wp-content\/uploads\/2024\/10\/291036456_1066292737426989_335018904720396022_n-e1730044267466-300x300.jpg\" class=\"attachment-medium size-medium wp-image-20924\" alt=\"\" srcset=\"https:\/\/dailesterapija.lt\/wp-content\/uploads\/2024\/10\/291036456_1066292737426989_335018904720396022_n-e1730044267466-300x300.jpg 300w, https:\/\/dailesterapija.lt\/wp-content\/uploads\/2024\/10\/291036456_1066292737426989_335018904720396022_n-e1730044267466-1024x1024.jpg 1024w, https:\/\/dailesterapija.lt\/wp-content\/uploads\/2024\/10\/291036456_1066292737426989_335018904720396022_n-e1730044267466-150x150.jpg 150w, https:\/\/dailesterapija.lt\/wp-content\/uploads\/2024\/10\/291036456_1066292737426989_335018904720396022_n-e1730044267466-768x768.jpg 768w, https:\/\/dailesterapija.lt\/wp-content\/uploads\/2024\/10\/291036456_1066292737426989_335018904720396022_n-e1730044267466-750x750.jpg 750w, https:\/\/dailesterapija.lt\/wp-content\/uploads\/2024\/10\/291036456_1066292737426989_335018904720396022_n-e1730044267466-600x600.jpg 600w, https:\/\/dailesterapija.lt\/wp-content\/uploads\/2024\/10\/291036456_1066292737426989_335018904720396022_n-e1730044267466-100x100.jpg 100w, https:\/\/dailesterapija.lt\/wp-content\/uploads\/2024\/10\/291036456_1066292737426989_335018904720396022_n-e1730044267466.jpg 1353w\" sizes=\"(max-width: 300px) 100vw, 300px\" \/>\t\t\t\t\t\t\t\t\t\t\t\t\t<\/div>\n\t\t\t\t<\/div>\n\t\t\t\t\t<\/div>\n\t\t<\/div>\n\t\t\t\t<div class=\"elementor-column elementor-col-50 elementor-top-column elementor-element elementor-element-16bada2\" data-id=\"16bada2\" data-element_type=\"column\">\n\t\t\t<div class=\"elementor-widget-wrap elementor-element-populated\">\n\t\t\t\t\t\t<div class=\"elementor-element elementor-element-f50c833 elementor-widget elementor-widget-heading\" data-id=\"f50c833\" data-element_type=\"widget\" data-widget_type=\"heading.default\">\n\t\t\t\t<div class=\"elementor-widget-container\">\n\t\t\t<h3 class=\"elementor-heading-title elementor-size-default\">Kontaktin\u0117 informacija<\/h3>\t\t<\/div>\n\t\t\t\t<\/div>\n\t\t\t\t<div class=\"elementor-element elementor-element-49d2732 elementor-widget elementor-widget-text-editor\" data-id=\"49d2732\" data-element_type=\"widget\" data-widget_type=\"text-editor.default\">\n\t\t\t\t<div class=\"elementor-widget-container\">\n\t\t\t\t\t\t\t<p><img decoding=\"async\" class=\"alignnone size-full wp-image-183\" src=\"https:\/\/dailesterapija.lt\/wp-content\/uploads\/2024\/06\/mail-2.png\" alt=\"\" width=\"30\" height=\"30\" \/>\u00a0 <span style=\"color: #000000;\">virginija@dail\u0117sterapija.lt<\/span><\/p><p><a href=\"tel:(+091) 413 554 8598\"><img loading=\"lazy\" decoding=\"async\" class=\"alignnone size-full wp-image-184\" src=\"https:\/\/dailesterapija.lt\/wp-content\/uploads\/2024\/06\/phone.png\" alt=\"\" width=\"31\" height=\"31\" \/>\u00a0 <span style=\"color: #000000;\">+370 67 855 956<\/span><\/a><\/p>\t\t\t\t\t\t<\/div>\n\t\t\t\t<\/div>\n\t\t\t\t<div class=\"elementor-element elementor-element-ee0d398 elementor-widget elementor-widget-edublink-social-icons\" data-id=\"ee0d398\" data-element_type=\"widget\" data-widget_type=\"edublink-social-icons.default\">\n\t\t\t\t<div class=\"elementor-widget-container\">\n\t\t\t<div class=\"edublink-social-icons-wrapper\"><a class=\"elementor-repeater-item-01aed80 edublink-social-icon-each-item elementor-animation-\" href=\"https:\/\/www.facebook.com\/profile.php?id=100063589240422\" target=\"_blank\"><i aria-hidden=\"true\" class=\"edublink icon-facebook\"><\/i><\/a><a class=\"elementor-repeater-item-60bf3fe edublink-social-icon-each-item elementor-animation-\" href=\"https:\/\/www.linkedin.com\/in\/virginija-%C5%A1ilauskien%C4%97-962b08290\/\" target=\"_blank\"><i aria-hidden=\"true\" class=\"edublink icon-linkedin2\"><\/i><\/a><\/div>\t\t<\/div>\n\t\t\t\t<\/div>\n\t\t\t\t\t<\/div>\n\t\t<\/div>\n\t\t\t\t\t<\/div>\n\t\t<\/section>\n\t\t\t\t<section class=\"elementor-section elementor-top-section elementor-element elementor-element-8553faa elementor-section-boxed elementor-section-height-default elementor-section-height-default\" data-id=\"8553faa\" data-element_type=\"section\" data-settings=\"{&quot;background_background&quot;:&quot;classic&quot;}\">\n\t\t\t\t\t\t<div class=\"elementor-container elementor-column-gap-extended\">\n\t\t\t\t\t<div class=\"elementor-column elementor-col-100 elementor-top-column elementor-element elementor-element-a1cb5c6\" data-id=\"a1cb5c6\" data-element_type=\"column\">\n\t\t\t<div class=\"elementor-widget-wrap elementor-element-populated\">\n\t\t\t\t\t\t<div class=\"elementor-element elementor-element-2d6ea41 elementor-widget__width-auto elementor-absolute elementor-hidden-tablet elementor-hidden-mobile elementor-invisible elementor-widget elementor-widget-edublink-animation\" data-id=\"2d6ea41\" data-element_type=\"widget\" data-settings=\"{&quot;_position&quot;:&quot;absolute&quot;,&quot;_animation&quot;:&quot;fadeIn&quot;,&quot;_animation_delay&quot;:500}\" data-widget_type=\"edublink-animation.default\">\n\t\t\t\t<div class=\"elementor-widget-container\">\n\t\t\t<div class=\"edublink-animation-widget edublink-animation-display-type-mouse-track edublink-animation-content-type-image edublink-mouse-track-item\"><span data-depth=\"-2\"><img decoding=\"async\" src=\"https:\/\/demo.edublink.co\/wp-content\/uploads\/2023\/05\/shape-13.png\" alt=\"\"><\/span><\/div>\t\t<\/div>\n\t\t\t\t<\/div>\n\t\t\t\t<div class=\"elementor-element elementor-element-973e02f elementor-widget__width-auto elementor-absolute elementor-hidden-tablet elementor-hidden-mobile elementor-invisible elementor-widget elementor-widget-edublink-animation\" data-id=\"973e02f\" data-element_type=\"widget\" data-settings=\"{&quot;_position&quot;:&quot;absolute&quot;,&quot;_animation&quot;:&quot;fadeIn&quot;,&quot;_animation_delay&quot;:500}\" data-widget_type=\"edublink-animation.default\">\n\t\t\t\t<div class=\"elementor-widget-container\">\n\t\t\t<div class=\"edublink-animation-widget edublink-animation-display-type-mouse-track edublink-animation-content-type-image edublink-mouse-track-item\"><span data-depth=\"2\"><img decoding=\"async\" src=\"https:\/\/dailesterapija.lt\/wp-content\/uploads\/2023\/05\/shape-04-1.png\" alt=\"\"><\/span><\/div>\t\t<\/div>\n\t\t\t\t<\/div>\n\t\t\t\t<div class=\"elementor-element elementor-element-71814d8 elementor-widget__width-auto elementor-absolute elementor-hidden-tablet elementor-hidden-mobile elementor-invisible elementor-widget elementor-widget-edublink-animation\" data-id=\"71814d8\" data-element_type=\"widget\" data-settings=\"{&quot;_position&quot;:&quot;absolute&quot;,&quot;_animation&quot;:&quot;fadeIn&quot;,&quot;_animation_delay&quot;:500}\" data-widget_type=\"edublink-animation.default\">\n\t\t\t\t<div class=\"elementor-widget-container\">\n\t\t\t<div class=\"edublink-animation-widget edublink-animation-display-type-mouse-track edublink-animation-content-type-image edublink-mouse-track-item\"><span data-depth=\"-2\"><img decoding=\"async\" src=\"https:\/\/dailesterapija.lt\/wp-content\/uploads\/2023\/05\/shape-15.png\" alt=\"\"><\/span><\/div>\t\t<\/div>\n\t\t\t\t<\/div>\n\t\t\t\t<div class=\"elementor-element elementor-element-d98a28a elementor-widget__width-auto elementor-absolute elementor-hidden-tablet elementor-hidden-mobile elementor-invisible elementor-widget elementor-widget-edublink-animation\" data-id=\"d98a28a\" data-element_type=\"widget\" data-settings=\"{&quot;_position&quot;:&quot;absolute&quot;,&quot;_animation&quot;:&quot;fadeIn&quot;,&quot;_animation_delay&quot;:500}\" data-widget_type=\"edublink-animation.default\">\n\t\t\t\t<div class=\"elementor-widget-container\">\n\t\t\t<div class=\"edublink-animation-widget edublink-animation-display-type-mouse-track edublink-animation-content-type-color edublink-mouse-track-item\"><span data-depth=\"1\"><span class=\"edublink-animation-widget-color\"><\/span><\/span><\/div>\t\t<\/div>\n\t\t\t\t<\/div>\n\t\t\t\t<div class=\"elementor-element elementor-element-83dad8f elementor-widget elementor-widget-heading\" data-id=\"83dad8f\" data-element_type=\"widget\" data-widget_type=\"heading.default\">\n\t\t\t\t<div class=\"elementor-widget-container\">\n\t\t\t<h3 class=\"elementor-heading-title elementor-size-default\">Para\u0161ykite man \u017einut\u0119<\/h3>\t\t<\/div>\n\t\t\t\t<\/div>\n\t\t\t\t<div class=\"elementor-element elementor-element-fab5937 elementor-widget elementor-widget-edublink-contact-form-seven\" data-id=\"fab5937\" data-element_type=\"widget\" data-widget_type=\"edublink-contact-form-seven.default\">\n\t\t\t\t<div class=\"elementor-widget-container\">\n\t\t\t<div class=\"edublink-contact-form-wrapper\">\n<div class=\"wpcf7 no-js\" id=\"wpcf7-f17265-o1\" lang=\"en-US\" dir=\"ltr\">\n<div class=\"screen-reader-response\"><p role=\"status\" aria-live=\"polite\" aria-atomic=\"true\"><\/p> <ul><\/ul><\/div>\n<form action=\"\/index.php\/wp-json\/wp\/v2\/pages\/17330#wpcf7-f17265-o1\" method=\"post\" class=\"wpcf7-form init\" aria-label=\"Contact form\" novalidate=\"novalidate\" data-status=\"init\">\n<div style=\"display: none;\">\n<input type=\"hidden\" name=\"_wpcf7\" value=\"17265\" \/>\n<input type=\"hidden\" name=\"_wpcf7_version\" value=\"5.9.8\" \/>\n<input type=\"hidden\" name=\"_wpcf7_locale\" value=\"en_US\" \/>\n<input type=\"hidden\" name=\"_wpcf7_unit_tag\" value=\"wpcf7-f17265-o1\" \/>\n<input type=\"hidden\" name=\"_wpcf7_container_post\" value=\"0\" \/>\n<input type=\"hidden\" name=\"_wpcf7_posted_data_hash\" value=\"\" \/>\n<\/div>\n<div class=\"edublink-contact-form-wrapper eb-contact-me-form\">\n\t<div class=\"edublink-row\">\n\t\t<div class=\"edublink-col-lg-6\">\n\t\t\t<div class=\"edublink-contact-form-single-item mb--20\">\n\t\t\t\t<div class=\"edublink-contact-form-single-item-content\">\n\t\t\t\t\t<p><span class=\"wpcf7-form-control-wrap\" data-name=\"text-245\"><input size=\"40\" maxlength=\"400\" class=\"wpcf7-form-control wpcf7-text wpcf7-validates-as-required edublink-contact-form-field\" aria-required=\"true\" aria-invalid=\"false\" placeholder=\"Vardas *\" value=\"\" type=\"text\" name=\"text-245\" \/><\/span>\n\t\t\t\t\t<\/p>\n\t\t\t\t<\/div>\n\t\t\t<\/div>\n\t\t<\/div>\n\t\t<div class=\"edublink-col-lg-6\">\n\t\t\t<div class=\"edublink-contact-form-single-item mb--20\">\n\t\t\t\t<div class=\"edublink-contact-form-single-item-content\">\n\t\t\t\t\t<p><span class=\"wpcf7-form-control-wrap\" data-name=\"email-349\"><input size=\"40\" maxlength=\"400\" class=\"wpcf7-form-control wpcf7-email wpcf7-validates-as-required wpcf7-text wpcf7-validates-as-email edublink-contact-form-field\" aria-required=\"true\" aria-invalid=\"false\" placeholder=\"El. pa\u0161tas *\" value=\"\" type=\"email\" name=\"email-349\" \/><\/span>\n\t\t\t\t\t<\/p>\n\t\t\t\t<\/div>\n\t\t\t<\/div>\n\t\t<\/div>\n\t<\/div>\n\t<div class=\"edublink-contact-form-single-item\">\n\t\t<div class=\"edublink-contact-form-single-item-content\">\n\t\t\t<p><span class=\"wpcf7-form-control-wrap\" data-name=\"text-447\"><input size=\"40\" maxlength=\"400\" class=\"wpcf7-form-control wpcf7-text edublink-contact-form-field\" aria-invalid=\"false\" placeholder=\"Tema\" value=\"\" type=\"text\" name=\"text-447\" \/><\/span>\n\t\t\t<\/p>\n\t\t<\/div>\n\t<\/div>\n\t<div class=\"edublink-contact-form-single-item\">\n\t\t<div class=\"edublink-contact-form-single-item-content edublink-contact-form-textarea\">\n\t\t\t<p><span class=\"wpcf7-form-control-wrap\" data-name=\"textarea-865\"><textarea cols=\"40\" rows=\"5\" maxlength=\"2000\" class=\"wpcf7-form-control wpcf7-textarea wpcf7-validates-as-required edublink-contact-form-textarea edublink-contact-form-field\" aria-required=\"true\" aria-invalid=\"false\" placeholder=\"\u017dinut\u0117\" name=\"textarea-865\"><\/textarea><\/span>\n\t\t\t<\/p>\n\t\t<\/div>\n\t<\/div>\n\t<div class=\"edublink-contact-button-container\">\n\t\t<div class=\"edublink-contact-form-single-item eb-contact-button\">\n\t\t\t<div class=\"eb-contact-button-wrapper\">\n\t\t\t\t<p><input class=\"wpcf7-form-control wpcf7-submit has-spinner edublink-button-with-icon\" type=\"submit\" value=\"Si\u0173sti\" \/>\n\t\t\t\t<\/p>\n\t\t\t<\/div>\n\t\t<\/div>\n\t<\/div>\n<\/div><div class=\"wpcf7-response-output\" aria-hidden=\"true\"><\/div>\n<\/form>\n<\/div>\n<\/div>\t\t<\/div>\n\t\t\t\t<\/div>\n\t\t\t\t\t<\/div>\n\t\t<\/div>\n\t\t\t\t\t<\/div>\n\t\t<\/section>\n\t\t\t\t<\/div>\n\t\t","protected":false},"excerpt":{"rendered":"<p>Kontaktin\u0117 informacija \u00a0 virginija@dail\u0117sterapija.lt \u00a0 +370 67 855 956 Para\u0161ykite man \u017einut\u0119<\/p>\n","protected":false},"author":1,"featured_media":0,"parent":0,"menu_order":0,"comment_status":"closed","ping_status":"closed","template":"","meta":{"_monsterinsights_skip_tracking":false,"_monsterinsights_sitenote_active":false,"_monsterinsights_sitenote_note":"","_monsterinsights_sitenote_category":0,"footnotes":""},"class_list":["post-17330","page","type-page","status-publish","hentry"],"aioseo_notices":[],"_links":{"self":[{"href":"https:\/\/dailesterapija.lt\/index.php\/wp-json\/wp\/v2\/pages\/17330"}],"collection":[{"href":"https:\/\/dailesterapija.lt\/index.php\/wp-json\/wp\/v2\/pages"}],"about":[{"href":"https:\/\/dailesterapija.lt\/index.php\/wp-json\/wp\/v2\/types\/page"}],"author":[{"embeddable":true,"href":"https:\/\/dailesterapija.lt\/index.php\/wp-json\/wp\/v2\/users\/1"}],"replies":[{"embeddable":true,"href":"https:\/\/dailesterapija.lt\/index.php\/wp-json\/wp\/v2\/comments?post=17330"}],"version-history":[{"count":29,"href":"https:\/\/dailesterapija.lt\/index.php\/wp-json\/wp\/v2\/pages\/17330\/revisions"}],"predecessor-version":[{"id":21220,"href":"https:\/\/dailesterapija.lt\/index.php\/wp-json\/wp\/v2\/pages\/17330\/revisions\/21220"}],"wp:attachment":[{"href":"https:\/\/dailesterapija.lt\/index.php\/wp-json\/wp\/v2\/media?parent=17330"}],"curies":[{"name":"wp","href":"https:\/\/api.w.org\/{rel}","templated":true}]}}