{"id":20983,"date":"2024-10-29T12:54:04","date_gmt":"2024-10-29T12:54:04","guid":{"rendered":"https:\/\/dailesterapija.lt\/?page_id=20983"},"modified":"2025-07-19T08:15:30","modified_gmt":"2025-07-19T08:15:30","slug":"daile-terapija","status":"publish","type":"page","link":"https:\/\/dailesterapija.lt\/index.php\/daile-terapija\/","title":{"rendered":"Dail\u0117s terapija"},"content":{"rendered":"\t\t<div data-elementor-type=\"wp-page\" data-elementor-id=\"20983\" class=\"elementor elementor-20983\">\n\t\t\t\t<div class=\"elementor-element elementor-element-0295d01 e-flex e-con-boxed e-con e-parent\" data-id=\"0295d01\" data-element_type=\"container\">\n\t\t\t\t\t<div class=\"e-con-inner\">\n\t\t<div class=\"elementor-element elementor-element-58e5abf e-con-full e-flex e-con e-child\" data-id=\"58e5abf\" data-element_type=\"container\">\n\t\t\t\t<div class=\"elementor-element elementor-element-8472ad4 elementor-widget elementor-widget-heading\" data-id=\"8472ad4\" data-element_type=\"widget\" data-widget_type=\"heading.default\">\n\t\t\t\t<div class=\"elementor-widget-container\">\n\t\t\t<h2 class=\"elementor-heading-title elementor-size-default\">Dail\u0117s terapija<\/h2>\t\t<\/div>\n\t\t\t\t<\/div>\n\t\t\t\t<div class=\"elementor-element elementor-element-e1a1d4b elementor-widget elementor-widget-text-editor\" data-id=\"e1a1d4b\" data-element_type=\"widget\" data-widget_type=\"text-editor.default\">\n\t\t\t\t<div class=\"elementor-widget-container\">\n\t\t\t\t\t\t\t<p>Dail\u0117s terapija \u2013 tai ypatingas, ir tuo pa\u010diu, visiems laisvai prieinamas b\u016bdas bendrauti su savimi ir su kitu. Svarbu, kad nereikia mok\u0117ti pie\u0161ti, nes sukurti darbai n\u0117ra vertinami pagal gro\u017eio kriterijus. Pirmiausia, \u017emogus renkasi \u012fvairiausias dail\u0117s priemones, kuriomis i\u0161sako savo poreikius, l\u016bkes\u010dius, savo sugeb\u0117jimus, arba tiesiog savo mintis i\u0161lieja vaizdiniais. Po to yra dalinamasi i\u0161gyvenimais apie tai, kas vyko k\u016brybos proceso metu, kalbama apie pie\u0161inio asmenines prasmes ir reik\u0161mes.<br \/><br \/>Dail\u0117s terapija kaip menin\u0117 savirai\u0161ka gali pad\u0117ti atskleisti kiek stipri\u0105sias, tiek ir problemines kolektyvo, grup\u0117s puses; sudaro galimyb\u0119 kiekvienam pasijusti reik\u0161mingam, visaver\u010diam, atsipalaiduoti, atrasti savo k\u016brybi\u0161kum\u0105.<\/p>\t\t\t\t\t\t<\/div>\n\t\t\t\t<\/div>\n\t\t\t\t<\/div>\n\t\t<div class=\"elementor-element elementor-element-4740523 e-con-full e-flex e-con e-child\" data-id=\"4740523\" data-element_type=\"container\">\n\t\t<div class=\"elementor-element elementor-element-a37faf7 e-con-full e-flex e-con e-child\" data-id=\"a37faf7\" data-element_type=\"container\">\n\t\t\t\t<div class=\"elementor-element elementor-element-4aa75da elementor-widget elementor-widget-image\" data-id=\"4aa75da\" data-element_type=\"widget\" data-widget_type=\"image.default\">\n\t\t\t\t<div class=\"elementor-widget-container\">\n\t\t\t\t\t\t\t\t\t\t\t\t\t<img fetchpriority=\"high\" decoding=\"async\" width=\"640\" height=\"498\" src=\"https:\/\/dailesterapija.lt\/wp-content\/uploads\/2024\/10\/debby-hudson-MzSqFPLo8CE-unsplash-2-2.png\" class=\"attachment-large size-large wp-image-279\" alt=\"\" srcset=\"https:\/\/dailesterapija.lt\/wp-content\/uploads\/2024\/10\/debby-hudson-MzSqFPLo8CE-unsplash-2-2.png 945w, https:\/\/dailesterapija.lt\/wp-content\/uploads\/2024\/10\/debby-hudson-MzSqFPLo8CE-unsplash-2-2-600x467.png 600w, https:\/\/dailesterapija.lt\/wp-content\/uploads\/2024\/10\/debby-hudson-MzSqFPLo8CE-unsplash-2-2-300x234.png 300w, https:\/\/dailesterapija.lt\/wp-content\/uploads\/2024\/10\/debby-hudson-MzSqFPLo8CE-unsplash-2-2-768x598.png 768w\" sizes=\"(max-width: 640px) 100vw, 640px\" \/>\t\t\t\t\t\t\t\t\t\t\t\t\t<\/div>\n\t\t\t\t<\/div>\n\t\t\t\t<\/div>\n\t\t\t\t<\/div>\n\t\t\t\t\t<\/div>\n\t\t\t\t<\/div>\n\t\t<div class=\"elementor-element elementor-element-fcf8681 e-flex e-con-boxed e-con e-parent\" data-id=\"fcf8681\" data-element_type=\"container\">\n\t\t\t\t\t<div class=\"e-con-inner\">\n\t\t<div class=\"elementor-element elementor-element-5da3e92 e-con-full e-flex e-con e-child\" data-id=\"5da3e92\" data-element_type=\"container\">\n\t\t\t\t<div class=\"elementor-element elementor-element-b6e2fac elementor-widget elementor-widget-heading\" data-id=\"b6e2fac\" data-element_type=\"widget\" data-widget_type=\"heading.default\">\n\t\t\t\t<div class=\"elementor-widget-container\">\n\t\t\t<h2 class=\"elementor-heading-title elementor-size-default\">Dail\u0117s terapijos u\u017esi\u0117mimuose kiekvienas\nturi galimyb\u0119 atrasti savo k\u016brybi\u0161kum\u0105<\/h2>\t\t<\/div>\n\t\t\t\t<\/div>\n\t\t\t\t<\/div>\n\t\t<div class=\"elementor-element elementor-element-7ebc9bc e-con-full e-flex e-con e-child\" data-id=\"7ebc9bc\" data-element_type=\"container\">\n\t\t\t\t<div class=\"elementor-element elementor-element-b8f4769 elementor-widget elementor-widget-text-editor\" data-id=\"b8f4769\" data-element_type=\"widget\" data-widget_type=\"text-editor.default\">\n\t\t\t\t<div class=\"elementor-widget-container\">\n\t\t\t\t\t\t\t<p><img decoding=\"async\" src=\"https:\/\/dailesterapija.lt\/wp-content\/uploads\/2024\/10\/paint-brush-1.png\" alt=\"\" width=\"23\" height=\"23\" \/> \u00a0 spr\u0119sti i\u0161kilusius nesutarimus arba u\u017ekirsti keli\u0105 emociniams konfliktams<\/p><p><img decoding=\"async\" src=\"https:\/\/dailesterapija.lt\/wp-content\/uploads\/2024\/10\/paint-brush-1.png\" alt=\"\" width=\"23\" height=\"23\" \/>\u00a0 \u00a0<span style=\"white-space-collapse: preserve; text-align: var(--text-align); background-color: inherit; color: var(--edublink-color-body); font-family: var(--edublink-font-primary); font-size: var(--edublink-font-size-b1);\">atskirti darbo ir \u0161eimos interesus<\/span><\/p><p><img decoding=\"async\" src=\"https:\/\/dailesterapija.lt\/wp-content\/uploads\/2024\/10\/paint-brush-1.png\" alt=\"\" width=\"23\" height=\"23\" \/>\u00a0 \u00a0<span style=\"white-space-collapse: preserve; text-align: var(--text-align); background-color: inherit; color: var(--edublink-color-body); font-family: var(--edublink-font-primary); font-size: var(--edublink-font-size-b1);\">didinti k\u016brybinius paj\u0117gumus<\/span><\/p><p><img decoding=\"async\" src=\"https:\/\/dailesterapija.lt\/wp-content\/uploads\/2024\/10\/paint-brush-1.png\" alt=\"\" width=\"23\" height=\"23\" \/>\u00a0 \u00a0<span style=\"white-space-collapse: preserve; text-align: var(--text-align); background-color: inherit; color: var(--edublink-color-body); font-family: var(--edublink-font-primary); font-size: var(--edublink-font-size-b1);\">stiprinti savigarb\u0105, savitvard\u0105, siekti asmeninio augimo<\/span><\/p><p><img decoding=\"async\" src=\"https:\/\/dailesterapija.lt\/wp-content\/uploads\/2024\/10\/paint-brush-1.png\" alt=\"\" width=\"23\" height=\"23\" \/>\u00a0 \u00a0<span style=\"white-space-collapse: preserve; text-align: var(--text-align); background-color: inherit; color: var(--edublink-color-body); font-family: var(--edublink-font-primary); font-size: var(--edublink-font-size-b1);\">vystyti pa\u017eintin\u012f aktyvum\u0105, simbolin\u0119 m\u0105stymo funkcij\u0105 ir vaizduot\u0119<\/span><\/p><p><img decoding=\"async\" src=\"https:\/\/dailesterapija.lt\/wp-content\/uploads\/2024\/10\/paint-brush-1.png\" alt=\"\" width=\"23\" height=\"23\" \/> \u00a0\u00a0<span style=\"white-space-collapse: preserve; text-align: var(--text-align); background-color: inherit; color: var(--edublink-color-body); font-family: var(--edublink-font-primary); font-size: var(--edublink-font-size-b1);\">vystyti pa\u017eintin\u012f aktyvum\u0105, simbolin\u0119 m\u0105stymo funkcij\u0105 ir vaizduot\u0119<\/span><\/p>\t\t\t\t\t\t<\/div>\n\t\t\t\t<\/div>\n\t\t\t\t<\/div>\n\t\t<div class=\"elementor-element elementor-element-b061b26 e-con-full e-flex e-con e-child\" data-id=\"b061b26\" data-element_type=\"container\">\n\t\t\t\t<div class=\"elementor-element elementor-element-2967a39 elementor-widget elementor-widget-text-editor\" data-id=\"2967a39\" data-element_type=\"widget\" data-widget_type=\"text-editor.default\">\n\t\t\t\t<div class=\"elementor-widget-container\">\n\t\t\t\t\t\t\t<p><img decoding=\"async\" class=\"alignnone size-full wp-image-20987\" src=\"https:\/\/dailesterapija.lt\/wp-content\/uploads\/2024\/10\/paint-brush-1.png\" alt=\"\" width=\"23\" height=\"23\" \/>\u00a0 atsipalaiduoti, nuimti \u012ftamp\u0105, atsikratyti streso pasekmi\u0173\u00a0\u00a0<\/p><p><img decoding=\"async\" class=\"alignnone size-full wp-image-20987\" src=\"https:\/\/dailesterapija.lt\/wp-content\/uploads\/2024\/10\/paint-brush-1.png\" alt=\"\" width=\"23\" height=\"23\" \/>\u00a0 reik\u0161ti savo emocijas, tiek teigiamas, tiek neigiamas<\/p><p><img decoding=\"async\" class=\"alignnone size-full wp-image-20987\" src=\"https:\/\/dailesterapija.lt\/wp-content\/uploads\/2024\/10\/paint-brush-1.png\" alt=\"\" width=\"23\" height=\"23\" \/>\u00a0 su\u017einoti daugiau apie savo vidinius i\u0161gyvenimus<\/p><p><img decoding=\"async\" class=\"alignnone size-full wp-image-20987\" src=\"https:\/\/dailesterapija.lt\/wp-content\/uploads\/2024\/10\/paint-brush-1.png\" alt=\"\" width=\"23\" height=\"23\" \/>\u00a0 gerinti mokymosi rezultatus<\/p><p><img decoding=\"async\" class=\"alignnone size-full wp-image-20987\" src=\"https:\/\/dailesterapija.lt\/wp-content\/uploads\/2024\/10\/paint-brush-1.png\" alt=\"\" width=\"23\" height=\"23\" \/>\u00a0 atskirti mokymosi ir kit\u0173 veikl\u0173 interesus<\/p><p><img decoding=\"async\" class=\"alignnone size-full wp-image-20987\" src=\"https:\/\/dailesterapija.lt\/wp-content\/uploads\/2024\/10\/paint-brush-1.png\" alt=\"\" width=\"23\" height=\"23\" \/>\u00a0 padidinti savivert\u0119\u00a0\u00a0<\/p><p><img decoding=\"async\" class=\"alignnone size-full wp-image-20987\" src=\"https:\/\/dailesterapija.lt\/wp-content\/uploads\/2024\/10\/paint-brush-1.png\" alt=\"\" width=\"23\" height=\"23\" \/>\u00a0 pademonstruoti savo k\u016brybin\u012f prad\u0105<\/p>\t\t\t\t\t\t<\/div>\n\t\t\t\t<\/div>\n\t\t\t\t<\/div>\n\t\t\t\t\t<\/div>\n\t\t\t\t<\/div>\n\t\t<div class=\"elementor-element elementor-element-43c995e e-flex e-con-boxed e-con e-parent\" data-id=\"43c995e\" data-element_type=\"container\">\n\t\t\t\t\t<div class=\"e-con-inner\">\n\t\t\t\t<div class=\"elementor-element elementor-element-9bbb221 elementor-widget elementor-widget-edublink-pricing-table\" data-id=\"9bbb221\" data-element_type=\"widget\" data-widget_type=\"edublink-pricing-table.default\">\n\t\t\t\t<div class=\"elementor-widget-container\">\n\t\t\t<div class=\"eb-pricing-table-wrapper active-mode\"><div class=\"pricing-header\"><h6 class=\"title\">Individualios Dail\u0117s terapijos sesijos kaina<\/h6><div class=\"price-wrap\"><span class=\"amount\">55.00 Eur<\/span><\/div><\/div><ul class=\"pricing-features\"><li class=\"eb-price-feature elementor-repeater-item-88f9da5\"><span class=\"eb-pricing-icon\"><i class=\"icon-20\"><\/i><\/span>Kontaktinio u\u017esi\u0117mimo metu dalyviai apr\u016bpinami visomis reikalingomis dail\u0117s priemon\u0117mis<\/li><li class=\"eb-price-feature item-disable elementor-repeater-item-d5c5879\"><span class=\"eb-pricing-icon\"><svg class=\"e-font-icon-svg e-fas-star-of-life\" viewBox=\"0 0 480 512\" xmlns=\"http:\/\/www.w3.org\/2000\/svg\"><path d=\"M471.99 334.43L336.06 256l135.93-78.43c7.66-4.42 10.28-14.2 5.86-21.86l-32.02-55.43c-4.42-7.65-14.21-10.28-21.87-5.86l-135.93 78.43V16c0-8.84-7.17-16-16.01-16h-64.04c-8.84 0-16.01 7.16-16.01 16v156.86L56.04 94.43c-7.66-4.42-17.45-1.79-21.87 5.86L2.15 155.71c-4.42 7.65-1.8 17.44 5.86 21.86L143.94 256 8.01 334.43c-7.66 4.42-10.28 14.21-5.86 21.86l32.02 55.43c4.42 7.65 14.21 10.27 21.87 5.86l135.93-78.43V496c0 8.84 7.17 16 16.01 16h64.04c8.84 0 16.01-7.16 16.01-16V339.14l135.93 78.43c7.66 4.42 17.45 1.8 21.87-5.86l32.02-55.43c4.42-7.65 1.8-17.43-5.86-21.85z\"><\/path><\/svg><\/span><\/li><\/ul><a class=\"edu-btn btn-border btn-medium\" href=\"#\">Susisiekime<span class=\"eb-pricing-button_icon\"><i class=\"icon-east\"><\/i><\/span><\/a><\/div>\t\t<\/div>\n\t\t\t\t<\/div>\n\t\t\t\t\t<\/div>\n\t\t\t\t<\/div>\n\t\t<div class=\"elementor-element elementor-element-5c98057 e-flex e-con-boxed e-con e-parent\" data-id=\"5c98057\" data-element_type=\"container\">\n\t\t\t\t\t<div class=\"e-con-inner\">\n\t\t<div class=\"elementor-element elementor-element-0dc10d0 e-con-full e-flex e-con e-child\" data-id=\"0dc10d0\" data-element_type=\"container\">\n\t\t\t\t<div class=\"elementor-element elementor-element-8677426 elementor-widget elementor-widget-image\" data-id=\"8677426\" data-element_type=\"widget\" data-widget_type=\"image.default\">\n\t\t\t\t<div class=\"elementor-widget-container\">\n\t\t\t\t\t\t\t\t\t\t\t\t\t<img loading=\"lazy\" decoding=\"async\" width=\"640\" height=\"513\" src=\"https:\/\/dailesterapija.lt\/wp-content\/uploads\/2024\/10\/jonathan-borba-lsGZlrdvd_c-unsplash-1.png\" class=\"attachment-large size-large wp-image-21010\" alt=\"\" srcset=\"https:\/\/dailesterapija.lt\/wp-content\/uploads\/2024\/10\/jonathan-borba-lsGZlrdvd_c-unsplash-1.png 705w, https:\/\/dailesterapija.lt\/wp-content\/uploads\/2024\/10\/jonathan-borba-lsGZlrdvd_c-unsplash-1-300x240.png 300w, https:\/\/dailesterapija.lt\/wp-content\/uploads\/2024\/10\/jonathan-borba-lsGZlrdvd_c-unsplash-1-600x481.png 600w\" sizes=\"(max-width: 640px) 100vw, 640px\" \/>\t\t\t\t\t\t\t\t\t\t\t\t\t<\/div>\n\t\t\t\t<\/div>\n\t\t\t\t<\/div>\n\t\t<div class=\"elementor-element elementor-element-b9a67dd e-con-full e-flex e-con e-child\" data-id=\"b9a67dd\" data-element_type=\"container\">\n\t\t\t\t<div class=\"elementor-element elementor-element-f52202d elementor-widget elementor-widget-heading\" data-id=\"f52202d\" data-element_type=\"widget\" data-widget_type=\"heading.default\">\n\t\t\t\t<div class=\"elementor-widget-container\">\n\t\t\t<h2 class=\"elementor-heading-title elementor-size-default\">Dail\u0117s terapija suaugusiems\u200b<\/h2>\t\t<\/div>\n\t\t\t\t<\/div>\n\t\t\t\t<div class=\"elementor-element elementor-element-4da4d24 elementor-widget elementor-widget-text-editor\" data-id=\"4da4d24\" data-element_type=\"widget\" data-widget_type=\"text-editor.default\">\n\t\t\t\t<div class=\"elementor-widget-container\">\n\t\t\t\t\t\t\t<p>Dail\u0117s terapija \u2013 asmenyb\u0117s resurs\u0173 didinimas ir siekiam\u0173 savybi\u0173 stiprinimas. Jos erdv\u0117je vyksta konfidenciali trinar\u0117 komunikacija (verbali ir neverbali (simboliniame lygmenyje)) tarp kliento, dail\u0117s terapeuto ir meninio produkto. \u0160i terapija labiau priimtina \u017emon\u0117ms, kuriems sunkiau reik\u0161ti savo mintis ir tuomet, kai tr\u016bksta pasitik\u0117jimo savimi, kai norisi i\u0161siai\u0161kinti savo nes\u0117kmi\u0173, perdegimo ar nesusikalb\u0117jimo su \u201evienu protingu \u017emogumi\u201c ar kitais prie\u017eastis, atrasti savo viet\u0105 santykiuose, surasti naujus sprendimus, b\u016bti k\u016brybi\u0161kam, siekti asmeninio augimo ir&#8230; daugelio kit\u0173 dalyk\u0173.<\/p><p><strong>Individuali dail\u0117s terapijos sesijos trukm\u0117 suaugusiam asmeniui<\/strong> \u2013 1,5 val., kart\u0105 per savait\u0119. <strong>Grupin\u0117 dail\u0117s terapijos sesijos trukm\u0117 2,5 val., kart\u0105 per savait\u0119.<\/strong> Grup\u0117s dydis 10-15 dalyvi\u0173. Visi organizaciniai klausimai aptariami pirmo susitikimo metu.<\/p>\t\t\t\t\t\t<\/div>\n\t\t\t\t<\/div>\n\t\t\t\t<\/div>\n\t\t\t\t\t<\/div>\n\t\t\t\t<\/div>\n\t\t<div class=\"elementor-element elementor-element-609b7d7 e-flex e-con-boxed e-con e-parent\" data-id=\"609b7d7\" data-element_type=\"container\">\n\t\t\t\t\t<div class=\"e-con-inner\">\n\t\t<div class=\"elementor-element elementor-element-562bf87 e-con-full e-flex e-con e-child\" data-id=\"562bf87\" data-element_type=\"container\">\n\t\t\t\t<div class=\"elementor-element elementor-element-6634af8 elementor-widget elementor-widget-heading\" data-id=\"6634af8\" data-element_type=\"widget\" data-widget_type=\"heading.default\">\n\t\t\t\t<div class=\"elementor-widget-container\">\n\t\t\t<h2 class=\"elementor-heading-title elementor-size-default\">Dail\u0117s terapija paaugliams<\/h2>\t\t<\/div>\n\t\t\t\t<\/div>\n\t\t\t\t<div class=\"elementor-element elementor-element-19551d9 elementor-widget elementor-widget-text-editor\" data-id=\"19551d9\" data-element_type=\"widget\" data-widget_type=\"text-editor.default\">\n\t\t\t\t<div class=\"elementor-widget-container\">\n\t\t\t\t\t\t\t<p><span style=\"white-space-collapse: preserve;\">Paaugliams dail\u0117s terapija vyksta grupini\u0173 u\u017esi\u0117mim\u0173 forma. \u0160iose sesijose i\u0161gyventas ir patirtas k\u016brybinis procesas padeda paaugliams teigiamai emoci\u0161kai nusiteikti grup\u0117je, lengvina komunikacijos proces\u0105 su bendraam\u017eiais, suaugusiaisiais. Konfidencialumas tam prideda dr\u0105sos. Bendras dalyvavimas menin\u0117je veikloje padeda kurti tarpusavio pri\u0117mimo, empatijos santyk\u012f, padeda \u012fveikti kalbin\u012f barjer\u0105, prisiliesti prie problem\u0173, kurias sunku aptarin\u0117ti \u017eod\u017eiu, suteikia galimyb\u0119 simboliniame lygmenyje eksperimentuoti su \u012fvairiausiais jausmais, tyrin\u0117ti ir i\u0161reik\u0161ti juos socialiai priimtina forma. Dail\u0117s terapija padeda \u017emogui susivokti slopintose mintyse ir emocijose, ugdosi kliento vidin\u0117s kontrol\u0117s jausmas, estetin\u0117 patirtis, skatinama k\u016brybi\u0161ka savirai\u0161ka, lavinama vaizduot\u0117, vaizduojamosios veiklos \u012fg\u016bd\u017eiai bei meniniai geb\u0117jimai apskritai, didinama \u017emogaus geba adaptuotis kasdieniame gyvenime, ma\u017einamas su mokymusi susij\u0119s nuovargis, negatyvios emocin\u0117s b\u016bsenos ir pan.<br \/><strong>Grupin\u0117 dail\u0117s terapijos sesijos trukm\u0117 2,5 val., kart\u0105 per savait\u0119.<\/strong> Grup\u0117s dydis 10 \u2013 12 dalyvi\u0173. Visi organizaciniai klausimai aptariami pirmo susitikimo metu.<br \/><\/span><\/p>\t\t\t\t\t\t<\/div>\n\t\t\t\t<\/div>\n\t\t\t\t<\/div>\n\t\t<div class=\"elementor-element elementor-element-fad3af9 e-con-full e-flex e-con e-child\" data-id=\"fad3af9\" data-element_type=\"container\">\n\t\t\t\t<div class=\"elementor-element elementor-element-70e0e5b elementor-widget elementor-widget-image\" data-id=\"70e0e5b\" data-element_type=\"widget\" data-widget_type=\"image.default\">\n\t\t\t\t<div class=\"elementor-widget-container\">\n\t\t\t\t\t\t\t\t\t\t\t\t\t<img loading=\"lazy\" decoding=\"async\" width=\"640\" height=\"681\" src=\"https:\/\/dailesterapija.lt\/wp-content\/uploads\/2024\/10\/pexels-pavel-danilyuk-8382369-1.png\" class=\"attachment-large size-large wp-image-21021\" alt=\"\" srcset=\"https:\/\/dailesterapija.lt\/wp-content\/uploads\/2024\/10\/pexels-pavel-danilyuk-8382369-1.png 705w, https:\/\/dailesterapija.lt\/wp-content\/uploads\/2024\/10\/pexels-pavel-danilyuk-8382369-1-282x300.png 282w, https:\/\/dailesterapija.lt\/wp-content\/uploads\/2024\/10\/pexels-pavel-danilyuk-8382369-1-600x638.png 600w\" sizes=\"(max-width: 640px) 100vw, 640px\" \/>\t\t\t\t\t\t\t\t\t\t\t\t\t<\/div>\n\t\t\t\t<\/div>\n\t\t\t\t<\/div>\n\t\t\t\t\t<\/div>\n\t\t\t\t<\/div>\n\t\t<div class=\"elementor-element elementor-element-22769ec e-flex e-con-boxed e-con e-parent\" data-id=\"22769ec\" data-element_type=\"container\">\n\t\t\t\t\t<div class=\"e-con-inner\">\n\t\t<div class=\"elementor-element elementor-element-867dc4f e-con-full e-flex e-con e-child\" data-id=\"867dc4f\" data-element_type=\"container\" data-settings=\"{&quot;background_background&quot;:&quot;classic&quot;}\">\n\t\t\t\t<\/div>\n\t\t<div class=\"elementor-element elementor-element-485d07d e-con-full e-flex e-con e-child\" data-id=\"485d07d\" data-element_type=\"container\" data-settings=\"{&quot;background_background&quot;:&quot;classic&quot;}\">\n\t\t\t\t<div class=\"elementor-element elementor-element-84e38e3 elementor-widget elementor-widget-heading\" data-id=\"84e38e3\" data-element_type=\"widget\" data-widget_type=\"heading.default\">\n\t\t\t\t<div class=\"elementor-widget-container\">\n\t\t\t<h2 class=\"elementor-heading-title elementor-size-default\">Dail\u0117s terapija \u0161eimoms\u200b<\/h2>\t\t<\/div>\n\t\t\t\t<\/div>\n\t\t\t\t<div class=\"elementor-element elementor-element-4abbd21 elementor-widget elementor-widget-text-editor\" data-id=\"4abbd21\" data-element_type=\"widget\" data-widget_type=\"text-editor.default\">\n\t\t\t\t<div class=\"elementor-widget-container\">\n\t\t\t\t\t\t\t<p><span style=\"white-space-collapse: preserve;\">\u0160io dail\u0117s terapijos k\u016brybinio proceso metu stiprinamas emocinis ry\u0161ys tarp vaiko ir t\u0117v\u0173, menin\u0117mis priemon\u0117mis saugiai rei\u0161kiamos emocijos, tiek teigiamos, tiek neigiamos, lavinami geb\u0117jimai i\u0161girsti vienas kit\u0105, aplinkiniams priimtina forma i\u0161sakyti savo poreikius ir bendradarbiauti kuriant bendr\u0105 menin\u012f produkt\u0105. Save pa\u017eindami per menin\u0119 savirai\u0161k\u0105, tiek vaikai, tiek suaug\u0119, labiau \u012fsis\u0105monina savo vidin\u0119 patirt\u012f, didina savivert\u0119, simbolin\u0119 m\u0105stymo funkcij\u0105 ir vaizduot\u0119, m\u0105stymo lankstum\u0105, supranta konflikt\u0173 prie\u017eastis ir pasekmes bei atranda k\u016brybi\u0161kus sprendimus jas transformuoti. <br \/><strong>U\u017esi\u0117mimai vyksta vien\u0105 kart\u0105 per savait\u0119, vienas u\u017esi\u0117mimas trunka 2,5 val. Grup\u0117je dalyvauja 3 \u0161eimos ir daugiau.<\/strong> Visi organizaciniai klausimai aptariami pirmo susitikimo metu<\/span><\/p>\t\t\t\t\t\t<\/div>\n\t\t\t\t<\/div>\n\t\t\t\t<\/div>\n\t\t\t\t\t<\/div>\n\t\t\t\t<\/div>\n\t\t\t\t<\/div>\n\t\t","protected":false},"excerpt":{"rendered":"<p>Dail\u0117s terapija Dail\u0117s terapija \u2013 tai ypatingas, ir tuo pa\u010diu, visiems laisvai prieinamas b\u016bdas bendrauti su savimi ir su kitu.&#8230;<\/p>\n","protected":false},"author":1,"featured_media":0,"parent":0,"menu_order":0,"comment_status":"closed","ping_status":"closed","template":"","meta":{"_monsterinsights_skip_tracking":false,"_monsterinsights_sitenote_active":false,"_monsterinsights_sitenote_note":"","_monsterinsights_sitenote_category":0,"footnotes":""},"class_list":["post-20983","page","type-page","status-publish","hentry"],"aioseo_notices":[],"_links":{"self":[{"href":"https:\/\/dailesterapija.lt\/index.php\/wp-json\/wp\/v2\/pages\/20983"}],"collection":[{"href":"https:\/\/dailesterapija.lt\/index.php\/wp-json\/wp\/v2\/pages"}],"about":[{"href":"https:\/\/dailesterapija.lt\/index.php\/wp-json\/wp\/v2\/types\/page"}],"author":[{"embeddable":true,"href":"https:\/\/dailesterapija.lt\/index.php\/wp-json\/wp\/v2\/users\/1"}],"replies":[{"embeddable":true,"href":"https:\/\/dailesterapija.lt\/index.php\/wp-json\/wp\/v2\/comments?post=20983"}],"version-history":[{"count":110,"href":"https:\/\/dailesterapija.lt\/index.php\/wp-json\/wp\/v2\/pages\/20983\/revisions"}],"predecessor-version":[{"id":21322,"href":"https:\/\/dailesterapija.lt\/index.php\/wp-json\/wp\/v2\/pages\/20983\/revisions\/21322"}],"wp:attachment":[{"href":"https:\/\/dailesterapija.lt\/index.php\/wp-json\/wp\/v2\/media?parent=20983"}],"curies":[{"name":"wp","href":"https:\/\/api.w.org\/{rel}","templated":true}]}}