{"id":21249,"date":"2025-06-07T12:17:06","date_gmt":"2025-06-07T12:17:06","guid":{"rendered":"https:\/\/dailesterapija.lt\/?page_id=21249"},"modified":"2025-07-19T08:01:46","modified_gmt":"2025-07-19T08:01:46","slug":"emocine-vaizdine-terapija","status":"publish","type":"page","link":"https:\/\/dailesterapija.lt\/index.php\/emocine-vaizdine-terapija\/","title":{"rendered":"Emocin\u0117-vaizdin\u0117 terapija(EVT)"},"content":{"rendered":"\t\t<div data-elementor-type=\"wp-page\" data-elementor-id=\"21249\" class=\"elementor elementor-21249\">\n\t\t\t\t<div class=\"elementor-element elementor-element-0295d01 e-flex e-con-boxed e-con e-parent\" data-id=\"0295d01\" data-element_type=\"container\">\n\t\t\t\t\t<div class=\"e-con-inner\">\n\t\t<div class=\"elementor-element elementor-element-58e5abf e-con-full e-flex e-con e-child\" data-id=\"58e5abf\" data-element_type=\"container\">\n\t\t\t\t<div class=\"elementor-element elementor-element-8472ad4 elementor-widget elementor-widget-heading\" data-id=\"8472ad4\" data-element_type=\"widget\" data-widget_type=\"heading.default\">\n\t\t\t\t<div class=\"elementor-widget-container\">\n\t\t\t<h2 class=\"elementor-heading-title elementor-size-default\">Emocin\u0117-vaizdin\u0117 terapija (EVT)<\/h2>\t\t<\/div>\n\t\t\t\t<\/div>\n\t\t\t\t<div class=\"elementor-element elementor-element-e1a1d4b elementor-widget elementor-widget-text-editor\" data-id=\"e1a1d4b\" data-element_type=\"widget\" data-widget_type=\"text-editor.default\">\n\t\t\t\t<div class=\"elementor-widget-container\">\n\t\t\t\t\t\t\t<p>Emocin\u0117-vaizdin\u0117 terapija (EVT) \u2013 tai \u0161velnus, bet gilus terapijos metodas, padedantis suprasti ir i\u0161spr\u0119sti emocines problemas, ie\u0161kant j\u0173 tikrosios prie\u017easties \u2013 vidinio emocinio konflikto.<\/p><p>EVT remiasi supratimu, kad psichologin\u0117s problemos pasirei\u0161kia per k\u016bn\u0105. Sunkum\u0173 esm\u0117 \u2013 emocin\u0117s b\u016bsenos, kurias galime atpa\u017einti per k\u016bni\u0161kus i\u0161gyvenimus.<\/p><p>Terapinis poveikis kyla i\u0161 paties \u017emogaus vidinio darbo su savo emocijomis ir vidine patirtimi per vaizdinius (vizualinius, garsinius ar k\u016bno poj\u016b\u010dius) pas\u0105moniniame lygmenyje, atpa\u017e\u012fstant ir paleid\u017eiant tai, kas ilg\u0105 laik\u0105 sl\u0117g\u0117 i\u0161 vidaus. Kai emocija pasikei\u010dia, kei\u010diasi ir k\u016bno poj\u016b\u010diai, \u017emogaus savijauta, elgesys, mintys, energija ir net charakteris.<\/p><p>Poky\u010diai juntami jau pirmojo susitikimo metu \u2013 suma\u017e\u0117ja ar i\u0161nyksta vidinis emocinis konfliktas.<\/p><p>EVT neapsiriboja pavir\u0161ini\u0173 simptom\u0173 valdymu, ji sprend\u017eia tikr\u0105j\u0105 problemos prie\u017east\u012f.<\/p>\t\t\t\t\t\t<\/div>\n\t\t\t\t<\/div>\n\t\t\t\t<\/div>\n\t\t<div class=\"elementor-element elementor-element-4740523 e-con-full e-flex e-con e-child\" data-id=\"4740523\" data-element_type=\"container\">\n\t\t<div class=\"elementor-element elementor-element-a37faf7 e-con-full e-flex e-con e-child\" data-id=\"a37faf7\" data-element_type=\"container\">\n\t\t\t\t<div class=\"elementor-element elementor-element-4aa75da elementor-widget elementor-widget-image\" data-id=\"4aa75da\" data-element_type=\"widget\" data-widget_type=\"image.default\">\n\t\t\t\t<div class=\"elementor-widget-container\">\n\t\t\t\t\t\t\t\t\t\t\t\t\t<img fetchpriority=\"high\" decoding=\"async\" width=\"640\" height=\"426\" src=\"https:\/\/dailesterapija.lt\/wp-content\/uploads\/2025\/07\/cascade-1144119_1280-1024x682.jpg\" class=\"attachment-large size-large wp-image-21255\" alt=\"\" srcset=\"https:\/\/dailesterapija.lt\/wp-content\/uploads\/2025\/07\/cascade-1144119_1280-1024x682.jpg 1024w, https:\/\/dailesterapija.lt\/wp-content\/uploads\/2025\/07\/cascade-1144119_1280-300x200.jpg 300w, https:\/\/dailesterapija.lt\/wp-content\/uploads\/2025\/07\/cascade-1144119_1280-768x512.jpg 768w, https:\/\/dailesterapija.lt\/wp-content\/uploads\/2025\/07\/cascade-1144119_1280-600x400.jpg 600w, https:\/\/dailesterapija.lt\/wp-content\/uploads\/2025\/07\/cascade-1144119_1280.jpg 1280w\" sizes=\"(max-width: 640px) 100vw, 640px\" \/>\t\t\t\t\t\t\t\t\t\t\t\t\t<\/div>\n\t\t\t\t<\/div>\n\t\t\t\t<\/div>\n\t\t\t\t<\/div>\n\t\t\t\t\t<\/div>\n\t\t\t\t<\/div>\n\t\t<div class=\"elementor-element elementor-element-fcf8681 e-flex e-con-boxed e-con e-parent\" data-id=\"fcf8681\" data-element_type=\"container\">\n\t\t\t\t\t<div class=\"e-con-inner\">\n\t\t<div class=\"elementor-element elementor-element-5da3e92 e-con-full e-flex e-con e-child\" data-id=\"5da3e92\" data-element_type=\"container\">\n\t\t\t\t<div class=\"elementor-element elementor-element-b6e2fac elementor-widget elementor-widget-heading\" data-id=\"b6e2fac\" data-element_type=\"widget\" data-widget_type=\"heading.default\">\n\t\t\t\t<div class=\"elementor-widget-container\">\n\t\t\t<h2 class=\"elementor-heading-title elementor-size-default\">Emocin\u0117-vaizdin\u0117 terapija padeda dirbti su daugybe klient\u0173 u\u017eklaus\u0173, toki\u0173 kaip:<\/h2>\t\t<\/div>\n\t\t\t\t<\/div>\n\t\t\t\t<\/div>\n\t\t<div class=\"elementor-element elementor-element-7ebc9bc e-con-full e-flex e-con e-child\" data-id=\"7ebc9bc\" data-element_type=\"container\">\n\t\t\t\t<div class=\"elementor-element elementor-element-b8f4769 elementor-widget elementor-widget-text-editor\" data-id=\"b8f4769\" data-element_type=\"widget\" data-widget_type=\"text-editor.default\">\n\t\t\t\t<div class=\"elementor-widget-container\">\n\t\t\t\t\t\t\t<p><img decoding=\"async\" src=\"https:\/\/dailesterapija.lt\/wp-content\/uploads\/2024\/10\/paint-brush-1.png\" alt=\"\" width=\"23\" height=\"23\" \/>\u00a0 psichologin\u0117s traumos, stresin\u0117s b\u016bsenos ir j\u0173 pasekm\u0117s<\/p><p><img decoding=\"async\" src=\"https:\/\/dailesterapija.lt\/wp-content\/uploads\/2024\/10\/paint-brush-1.png\" alt=\"\" width=\"23\" height=\"23\" \/>\u00a0 \u00a0i\u0161gyvenimas sunkiose gyvenimo situacijose<\/p><p><img decoding=\"async\" src=\"https:\/\/dailesterapija.lt\/wp-content\/uploads\/2024\/10\/paint-brush-1.png\" alt=\"\" width=\"23\" height=\"23\" \/>\u00a0 \u00a0stipr\u016bs jausmai d\u0117l mylimo \u017emogaus netekties ar i\u0161vykimo<\/p><p><img decoding=\"async\" src=\"https:\/\/dailesterapija.lt\/wp-content\/uploads\/2024\/10\/paint-brush-1.png\" alt=\"\" width=\"23\" height=\"23\" \/>\u00a0 \u00a0vienatv\u0117<\/p><p><img decoding=\"async\" src=\"https:\/\/dailesterapija.lt\/wp-content\/uploads\/2024\/10\/paint-brush-1.png\" alt=\"\" width=\"23\" height=\"23\" \/>\u00a0 \u00a0asmenin\u0117s kriz\u0117s su depresijos elementais, gyvenimo prasm\u0117s praradimu ir mintimis apie savi\u017eudyb\u0119<\/p><p><img decoding=\"async\" src=\"https:\/\/dailesterapija.lt\/wp-content\/uploads\/2024\/10\/paint-brush-1.png\" alt=\"\" width=\"23\" height=\"23\" \/> \u00a0\u00a0transgeneracin\u0117s traumos<\/p><p><img decoding=\"async\" src=\"https:\/\/dailesterapija.lt\/wp-content\/uploads\/2024\/10\/paint-brush-1.png\" alt=\"\" width=\"23\" height=\"23\" \/>\u00a0 psichosomatiniai sutrikimai<\/p><p><img decoding=\"async\" src=\"https:\/\/dailesterapija.lt\/wp-content\/uploads\/2024\/10\/paint-brush-1.png\" alt=\"\" width=\"23\" height=\"23\" \/>\u00a0 neuroz\u0117s<\/p>\t\t\t\t\t\t<\/div>\n\t\t\t\t<\/div>\n\t\t\t\t<\/div>\n\t\t<div class=\"elementor-element elementor-element-b061b26 e-con-full e-flex e-con e-child\" data-id=\"b061b26\" data-element_type=\"container\">\n\t\t\t\t<div class=\"elementor-element elementor-element-2967a39 elementor-widget elementor-widget-text-editor\" data-id=\"2967a39\" data-element_type=\"widget\" data-widget_type=\"text-editor.default\">\n\t\t\t\t<div class=\"elementor-widget-container\">\n\t\t\t\t\t\t\t<p><img decoding=\"async\" class=\"alignnone size-full wp-image-20987\" src=\"https:\/\/dailesterapija.lt\/wp-content\/uploads\/2024\/10\/paint-brush-1.png\" alt=\"\" width=\"23\" height=\"23\" \/> baim\u0117s, fobijos<\/p><p><img decoding=\"async\" class=\"alignnone size-full wp-image-20987\" src=\"https:\/\/dailesterapija.lt\/wp-content\/uploads\/2024\/10\/paint-brush-1.png\" alt=\"\" width=\"23\" height=\"23\" \/> emocin\u0117s priklausomyb\u0117s<\/p><p><img decoding=\"async\" class=\"alignnone size-full wp-image-20987\" src=\"https:\/\/dailesterapija.lt\/wp-content\/uploads\/2024\/10\/paint-brush-1.png\" alt=\"\" width=\"23\" height=\"23\" \/> \u017eema savigarba, nepasitik\u0117jimas savimi<\/p><p><img decoding=\"async\" class=\"alignnone size-full wp-image-20987\" src=\"https:\/\/dailesterapija.lt\/wp-content\/uploads\/2024\/10\/paint-brush-1.png\" alt=\"\" width=\"23\" height=\"23\" \/> savirealizacijos ir karjeros problemos<\/p><p><img decoding=\"async\" class=\"alignnone size-full wp-image-20987\" src=\"https:\/\/dailesterapija.lt\/wp-content\/uploads\/2024\/10\/paint-brush-1.png\" alt=\"\" width=\"23\" height=\"23\" \/> tarpasmeniniai ir \u0161eimos santykiai bei kriz\u0117s<\/p><p><img decoding=\"async\" class=\"alignnone size-full wp-image-20987\" src=\"https:\/\/dailesterapija.lt\/wp-content\/uploads\/2024\/10\/paint-brush-1.png\" alt=\"\" width=\"23\" height=\"23\" \/> parama skyryb\u0173 metu<\/p><p><img decoding=\"async\" class=\"alignnone size-full wp-image-20987\" src=\"https:\/\/dailesterapija.lt\/wp-content\/uploads\/2024\/10\/paint-brush-1.png\" alt=\"\" width=\"23\" height=\"23\" \/> psichologinis nevaisingumas<\/p><p><img decoding=\"async\" class=\"alignnone size-full wp-image-20987\" src=\"https:\/\/dailesterapija.lt\/wp-content\/uploads\/2024\/10\/paint-brush-1.png\" alt=\"\" width=\"23\" height=\"23\" \/> darbas su n\u0117\u0161\u010diosiomis (gimdos tonusas, toksikoz\u0117, baim\u0117s, emociniai sutrikimai)<\/p><p><img decoding=\"async\" class=\"alignnone size-full wp-image-20987\" src=\"https:\/\/dailesterapija.lt\/wp-content\/uploads\/2024\/10\/paint-brush-1.png\" alt=\"\" width=\"23\" height=\"23\" \/> sportiniai ir asmeniniai pasiekimai<\/p>\t\t\t\t\t\t<\/div>\n\t\t\t\t<\/div>\n\t\t\t\t<\/div>\n\t\t\t\t\t<\/div>\n\t\t\t\t<\/div>\n\t\t<div class=\"elementor-element elementor-element-43c995e e-flex e-con-boxed e-con e-parent\" data-id=\"43c995e\" data-element_type=\"container\">\n\t\t\t\t\t<div class=\"e-con-inner\">\n\t\t\t\t<div class=\"elementor-element elementor-element-9bbb221 elementor-widget elementor-widget-edublink-pricing-table\" data-id=\"9bbb221\" data-element_type=\"widget\" data-widget_type=\"edublink-pricing-table.default\">\n\t\t\t\t<div class=\"elementor-widget-container\">\n\t\t\t<div class=\"eb-pricing-table-wrapper active-mode\"><div class=\"pricing-header\"><h6 class=\"title\">Individualios Emocin\u0117s-vaizdin\u0117s terapijos sesijos kaina<\/h6><div class=\"price-wrap\"><span class=\"amount\">55.00 Eur<\/span><\/div><\/div><ul class=\"pricing-features\"><li class=\"eb-price-feature elementor-repeater-item-88f9da5\"><span class=\"eb-pricing-icon\"><i class=\"icon-20\"><\/i><\/span>Laikas derinamas individualiai. Konsultacijos nuotoliniu b\u016bdu.<\/li><li class=\"eb-price-feature item-disable elementor-repeater-item-d5c5879\"><span class=\"eb-pricing-icon\"><svg class=\"e-font-icon-svg e-fas-star-of-life\" viewBox=\"0 0 480 512\" xmlns=\"http:\/\/www.w3.org\/2000\/svg\"><path d=\"M471.99 334.43L336.06 256l135.93-78.43c7.66-4.42 10.28-14.2 5.86-21.86l-32.02-55.43c-4.42-7.65-14.21-10.28-21.87-5.86l-135.93 78.43V16c0-8.84-7.17-16-16.01-16h-64.04c-8.84 0-16.01 7.16-16.01 16v156.86L56.04 94.43c-7.66-4.42-17.45-1.79-21.87 5.86L2.15 155.71c-4.42 7.65-1.8 17.44 5.86 21.86L143.94 256 8.01 334.43c-7.66 4.42-10.28 14.21-5.86 21.86l32.02 55.43c4.42 7.65 14.21 10.27 21.87 5.86l135.93-78.43V496c0 8.84 7.17 16 16.01 16h64.04c8.84 0 16.01-7.16 16.01-16V339.14l135.93 78.43c7.66 4.42 17.45 1.8 21.87-5.86l32.02-55.43c4.42-7.65 1.8-17.43-5.86-21.85z\"><\/path><\/svg><\/span><\/li><\/ul><a class=\"edu-btn btn-border btn-medium\" href=\"#\">Susisiekime<span class=\"eb-pricing-button_icon\"><i class=\"icon-east\"><\/i><\/span><\/a><\/div>\t\t<\/div>\n\t\t\t\t<\/div>\n\t\t\t\t\t<\/div>\n\t\t\t\t<\/div>\n\t\t\t\t<\/div>\n\t\t","protected":false},"excerpt":{"rendered":"<p>Emocin\u0117-vaizdin\u0117 terapija (EVT) Emocin\u0117-vaizdin\u0117 terapija (EVT) \u2013 tai \u0161velnus, bet gilus terapijos metodas, padedantis suprasti ir i\u0161spr\u0119sti emocines problemas, ie\u0161kant&#8230;<\/p>\n","protected":false},"author":1,"featured_media":0,"parent":0,"menu_order":0,"comment_status":"closed","ping_status":"closed","template":"","meta":{"_monsterinsights_skip_tracking":false,"_monsterinsights_sitenote_active":false,"_monsterinsights_sitenote_note":"","_monsterinsights_sitenote_category":0,"footnotes":""},"class_list":["post-21249","page","type-page","status-publish","hentry"],"aioseo_notices":[],"_links":{"self":[{"href":"https:\/\/dailesterapija.lt\/index.php\/wp-json\/wp\/v2\/pages\/21249"}],"collection":[{"href":"https:\/\/dailesterapija.lt\/index.php\/wp-json\/wp\/v2\/pages"}],"about":[{"href":"https:\/\/dailesterapija.lt\/index.php\/wp-json\/wp\/v2\/types\/page"}],"author":[{"embeddable":true,"href":"https:\/\/dailesterapija.lt\/index.php\/wp-json\/wp\/v2\/users\/1"}],"replies":[{"embeddable":true,"href":"https:\/\/dailesterapija.lt\/index.php\/wp-json\/wp\/v2\/comments?post=21249"}],"version-history":[{"count":19,"href":"https:\/\/dailesterapija.lt\/index.php\/wp-json\/wp\/v2\/pages\/21249\/revisions"}],"predecessor-version":[{"id":21309,"href":"https:\/\/dailesterapija.lt\/index.php\/wp-json\/wp\/v2\/pages\/21249\/revisions\/21309"}],"wp:attachment":[{"href":"https:\/\/dailesterapija.lt\/index.php\/wp-json\/wp\/v2\/media?parent=21249"}],"curies":[{"name":"wp","href":"https:\/\/api.w.org\/{rel}","templated":true}]}}